{"id":291612,"date":"2021-04-30T12:12:42","date_gmt":"2021-04-30T10:12:42","guid":{"rendered":"https:\/\/webshop.seatsandsofas.com\/webshop\/uncategorized\/leather-care-kit-xl\/"},"modified":"2022-11-29T08:46:37","modified_gmt":"2022-11-29T07:46:37","slug":"leather-care-kit-xl","status":"publish","type":"product","link":"https:\/\/webshop.seatsandsofas.com\/fr-be\/webshop\/articles-dentretien\/cuir\/leather-care-kit-xl\/","title":{"rendered":"Leather Care Kit XL"},"content":{"rendered":"<p>Le cuir est un produit naturel offrant un aspect luxueux et \u00e9l\u00e9gant. Vous avez fait un excellent choix avec ce Leather Care Kit XL qui pr\u00e9servera l\u2019\u00e9l\u00e9gance et le bon \u00e9tat de votre cuir. Ce set comprend des produits s\u00fbrs et de qualit\u00e9 pour nettoyer, nourrir et prot\u00e9ger votre cuir contre notamment l\u2019humidit\u00e9, l\u2019huile de la peau, la transpiration, la salet\u00e9 et les rayons UV. Un traitement r\u00e9gulier garde la souplesse de votre cuir et prolonge sa dur\u00e9e de vie.<\/p>\n","protected":false},"excerpt":{"rendered":"<p>XL kit complet pour l&#8217;entretien, la protection et le nettoyage de divers types de cuirs.<\/p>\n","protected":false},"featured_media":249901,"template":"","meta":{"_acf_changed":false},"product_brand":[],"product_cat":[5248,5249],"product_tag":[],"class_list":{"0":"post-291612","1":"product","2":"type-product","3":"status-publish","4":"has-post-thumbnail","6":"product_cat-articles-dentretien","7":"product_cat-cuir","9":"first","10":"instock","11":"taxable","12":"shipping-taxable","13":"purchasable","14":"product-type-simple"},"acf":[],"yoast_head":"<!-- This site is optimized with the Yoast SEO plugin v27.1 - https:\/\/yoast.com\/product\/yoast-seo-wordpress\/ -->\n<title>Leather Care Kit XL | Seats and Sofas | Boutique en ligne<\/title>\n<meta name=\"description\" content=\"XL kit complet pour l&#039;entretien, la protection et le nettoyage de divers types de cuirs.\" \/>\n<meta name=\"robots\" content=\"noindex, follow\" \/>\n<meta property=\"og:locale\" content=\"fr_FR\" \/>\n<meta property=\"og:type\" content=\"article\" \/>\n<meta property=\"og:title\" content=\"Leather Care Kit XL | Seats and Sofas | Boutique en ligne\" \/>\n<meta property=\"og:description\" content=\"XL kit complet pour l&#039;entretien, la protection et le nettoyage de divers types de cuirs.\" \/>\n<meta property=\"og:url\" content=\"https:\/\/webshop.seatsandsofas.com\/fr-be\/webshop\/articles-dentretien\/cuir\/leather-care-kit-xl\/\" \/>\n<meta property=\"og:site_name\" content=\"Seats and Sofas\" \/>\n<meta property=\"article:modified_time\" content=\"2022-11-29T07:46:37+00:00\" \/>\n<meta property=\"og:image\" content=\"https:\/\/webshop.seatsandsofas.com\/app\/uploads\/2021\/04\/Leather_Care_Kit.png\" \/>\n\t<meta property=\"og:image:width\" content=\"300\" \/>\n\t<meta property=\"og:image:height\" content=\"300\" \/>\n\t<meta property=\"og:image:type\" content=\"image\/png\" \/>\n<meta name=\"twitter:card\" content=\"summary_large_image\" \/>\n<meta name=\"twitter:label1\" content=\"Dur\u00e9e de lecture est.\" \/>\n\t<meta name=\"twitter:data1\" content=\"1 minute\" \/>\n<script type=\"application\/ld+json\" class=\"yoast-schema-graph\">{\"@context\":\"https:\/\/schema.org\",\"@graph\":[{\"@type\":\"WebPage\",\"@id\":\"https:\/\/webshop.seatsandsofas.com\/fr-be\/webshop\/articles-dentretien\/cuir\/leather-care-kit-xl\/\",\"url\":\"https:\/\/webshop.seatsandsofas.com\/fr-be\/webshop\/articles-dentretien\/cuir\/leather-care-kit-xl\/\",\"name\":\"Leather Care Kit XL | Seats and Sofas | Boutique en ligne\",\"isPartOf\":{\"@id\":\"https:\/\/webshop.seatsandsofas.com\/fr-be\/#website\"},\"primaryImageOfPage\":{\"@id\":\"https:\/\/webshop.seatsandsofas.com\/fr-be\/webshop\/articles-dentretien\/cuir\/leather-care-kit-xl\/#primaryimage\"},\"image\":{\"@id\":\"https:\/\/webshop.seatsandsofas.com\/fr-be\/webshop\/articles-dentretien\/cuir\/leather-care-kit-xl\/#primaryimage\"},\"thumbnailUrl\":\"https:\/\/cdn.webshop.seatsandsofas.com\/app\/uploads\/2021\/04\/Leather_Care_Kit.png?strip=all&quality=90\",\"datePublished\":\"2021-04-30T10:12:42+00:00\",\"dateModified\":\"2022-11-29T07:46:37+00:00\",\"description\":\"XL kit complet pour l'entretien, la protection et le nettoyage de divers types de cuirs.\",\"breadcrumb\":{\"@id\":\"https:\/\/webshop.seatsandsofas.com\/fr-be\/webshop\/articles-dentretien\/cuir\/leather-care-kit-xl\/#breadcrumb\"},\"inLanguage\":\"fr-BE\",\"potentialAction\":[{\"@type\":\"ReadAction\",\"target\":[\"https:\/\/webshop.seatsandsofas.com\/fr-be\/webshop\/articles-dentretien\/cuir\/leather-care-kit-xl\/\"]}]},{\"@type\":\"ImageObject\",\"inLanguage\":\"fr-BE\",\"@id\":\"https:\/\/webshop.seatsandsofas.com\/fr-be\/webshop\/articles-dentretien\/cuir\/leather-care-kit-xl\/#primaryimage\",\"url\":\"https:\/\/cdn.webshop.seatsandsofas.com\/app\/uploads\/2021\/04\/Leather_Care_Kit.png?strip=all&quality=90\",\"contentUrl\":\"https:\/\/cdn.webshop.seatsandsofas.com\/app\/uploads\/2021\/04\/Leather_Care_Kit.png?strip=all&quality=90\",\"width\":300,\"height\":300},{\"@type\":\"BreadcrumbList\",\"@id\":\"https:\/\/webshop.seatsandsofas.com\/fr-be\/webshop\/articles-dentretien\/cuir\/leather-care-kit-xl\/#breadcrumb\",\"itemListElement\":[{\"@type\":\"ListItem\",\"position\":1,\"name\":\"Home\",\"item\":\"https:\/\/webshop.seatsandsofas.com\/fr-be\/\"},{\"@type\":\"ListItem\",\"position\":2,\"name\":\"Boutique en ligne\",\"item\":\"https:\/\/webshop.seatsandsofas.com\/fr-be\/boutique-en-ligne\/\"},{\"@type\":\"ListItem\",\"position\":3,\"name\":\"Leather Care Kit XL\"}]},{\"@type\":\"WebSite\",\"@id\":\"https:\/\/webshop.seatsandsofas.com\/fr-be\/#website\",\"url\":\"https:\/\/webshop.seatsandsofas.com\/fr-be\/\",\"name\":\"Seats and Sofas\",\"description\":\"Safe Shopping | Direct uit voorraad\",\"potentialAction\":[{\"@type\":\"SearchAction\",\"target\":{\"@type\":\"EntryPoint\",\"urlTemplate\":\"https:\/\/webshop.seatsandsofas.com\/fr-be\/?s={search_term_string}\"},\"query-input\":{\"@type\":\"PropertyValueSpecification\",\"valueRequired\":true,\"valueName\":\"search_term_string\"}}],\"inLanguage\":\"fr-BE\"}]}<\/script>\n<!-- \/ Yoast SEO plugin. -->","yoast_head_json":{"title":"Leather Care Kit XL | Seats and Sofas | Boutique en ligne","description":"XL kit complet pour l'entretien, la protection et le nettoyage de divers types de cuirs.","robots":{"index":"noindex","follow":"follow"},"og_locale":"fr_FR","og_type":"article","og_title":"Leather Care Kit XL | Seats and Sofas | Boutique en ligne","og_description":"XL kit complet pour l'entretien, la protection et le nettoyage de divers types de cuirs.","og_url":"https:\/\/webshop.seatsandsofas.com\/fr-be\/webshop\/articles-dentretien\/cuir\/leather-care-kit-xl\/","og_site_name":"Seats and Sofas","article_modified_time":"2022-11-29T07:46:37+00:00","og_image":[{"width":300,"height":300,"url":"https:\/\/webshop.seatsandsofas.com\/app\/uploads\/2021\/04\/Leather_Care_Kit.png","type":"image\/png"}],"twitter_card":"summary_large_image","twitter_misc":{"Dur\u00e9e de lecture est.":"1 minute"},"schema":{"@context":"https:\/\/schema.org","@graph":[{"@type":"WebPage","@id":"https:\/\/webshop.seatsandsofas.com\/fr-be\/webshop\/articles-dentretien\/cuir\/leather-care-kit-xl\/","url":"https:\/\/webshop.seatsandsofas.com\/fr-be\/webshop\/articles-dentretien\/cuir\/leather-care-kit-xl\/","name":"Leather Care Kit XL | Seats and Sofas | Boutique en ligne","isPartOf":{"@id":"https:\/\/webshop.seatsandsofas.com\/fr-be\/#website"},"primaryImageOfPage":{"@id":"https:\/\/webshop.seatsandsofas.com\/fr-be\/webshop\/articles-dentretien\/cuir\/leather-care-kit-xl\/#primaryimage"},"image":{"@id":"https:\/\/webshop.seatsandsofas.com\/fr-be\/webshop\/articles-dentretien\/cuir\/leather-care-kit-xl\/#primaryimage"},"thumbnailUrl":"https:\/\/cdn.webshop.seatsandsofas.com\/app\/uploads\/2021\/04\/Leather_Care_Kit.png?strip=all&quality=90","datePublished":"2021-04-30T10:12:42+00:00","dateModified":"2022-11-29T07:46:37+00:00","description":"XL kit complet pour l'entretien, la protection et le nettoyage de divers types de cuirs.","breadcrumb":{"@id":"https:\/\/webshop.seatsandsofas.com\/fr-be\/webshop\/articles-dentretien\/cuir\/leather-care-kit-xl\/#breadcrumb"},"inLanguage":"fr-BE","potentialAction":[{"@type":"ReadAction","target":["https:\/\/webshop.seatsandsofas.com\/fr-be\/webshop\/articles-dentretien\/cuir\/leather-care-kit-xl\/"]}]},{"@type":"ImageObject","inLanguage":"fr-BE","@id":"https:\/\/webshop.seatsandsofas.com\/fr-be\/webshop\/articles-dentretien\/cuir\/leather-care-kit-xl\/#primaryimage","url":"https:\/\/cdn.webshop.seatsandsofas.com\/app\/uploads\/2021\/04\/Leather_Care_Kit.png?strip=all&quality=90","contentUrl":"https:\/\/cdn.webshop.seatsandsofas.com\/app\/uploads\/2021\/04\/Leather_Care_Kit.png?strip=all&quality=90","width":300,"height":300},{"@type":"BreadcrumbList","@id":"https:\/\/webshop.seatsandsofas.com\/fr-be\/webshop\/articles-dentretien\/cuir\/leather-care-kit-xl\/#breadcrumb","itemListElement":[{"@type":"ListItem","position":1,"name":"Home","item":"https:\/\/webshop.seatsandsofas.com\/fr-be\/"},{"@type":"ListItem","position":2,"name":"Boutique en ligne","item":"https:\/\/webshop.seatsandsofas.com\/fr-be\/boutique-en-ligne\/"},{"@type":"ListItem","position":3,"name":"Leather Care Kit XL"}]},{"@type":"WebSite","@id":"https:\/\/webshop.seatsandsofas.com\/fr-be\/#website","url":"https:\/\/webshop.seatsandsofas.com\/fr-be\/","name":"Seats and Sofas","description":"Safe Shopping | Direct uit voorraad","potentialAction":[{"@type":"SearchAction","target":{"@type":"EntryPoint","urlTemplate":"https:\/\/webshop.seatsandsofas.com\/fr-be\/?s={search_term_string}"},"query-input":{"@type":"PropertyValueSpecification","valueRequired":true,"valueName":"search_term_string"}}],"inLanguage":"fr-BE"}]}},"publishpress_future_workflow_manual_trigger":{"enabledWorkflows":[]},"_links":{"self":[{"href":"https:\/\/webshop.seatsandsofas.com\/fr-be\/wp-json\/wp\/v2\/product\/291612","targetHints":{"allow":["GET"]}}],"collection":[{"href":"https:\/\/webshop.seatsandsofas.com\/fr-be\/wp-json\/wp\/v2\/product"}],"about":[{"href":"https:\/\/webshop.seatsandsofas.com\/fr-be\/wp-json\/wp\/v2\/types\/product"}],"wp:featuredmedia":[{"embeddable":true,"href":"https:\/\/webshop.seatsandsofas.com\/fr-be\/wp-json\/wp\/v2\/media\/249901"}],"wp:attachment":[{"href":"https:\/\/webshop.seatsandsofas.com\/fr-be\/wp-json\/wp\/v2\/media?parent=291612"}],"wp:term":[{"taxonomy":"product_brand","embeddable":true,"href":"https:\/\/webshop.seatsandsofas.com\/fr-be\/wp-json\/wp\/v2\/product_brand?post=291612"},{"taxonomy":"product_cat","embeddable":true,"href":"https:\/\/webshop.seatsandsofas.com\/fr-be\/wp-json\/wp\/v2\/product_cat?post=291612"},{"taxonomy":"product_tag","embeddable":true,"href":"https:\/\/webshop.seatsandsofas.com\/fr-be\/wp-json\/wp\/v2\/product_tag?post=291612"}],"curies":[{"name":"wp","href":"https:\/\/api.w.org\/{rel}","templated":true}]}}