{"id":291636,"date":"2021-04-30T12:11:10","date_gmt":"2021-04-30T10:11:10","guid":{"rendered":"https:\/\/webshop.seatsandsofas.com\/webshop\/uncategorized\/textile-care-kit\/"},"modified":"2022-11-29T08:55:17","modified_gmt":"2022-11-29T07:55:17","slug":"textile-care-kit","status":"publish","type":"product","link":"https:\/\/webshop.seatsandsofas.com\/fr-be\/webshop\/articles-dentretien\/tissu\/textile-care-kit\/","title":{"rendered":"Textile Care Kit"},"content":{"rendered":"<p>Le Textile Care Kit comprend 2 produits sp\u00e9cialis\u00e9s pour le nettoyage optimal et la protection de tissus de meubles, nouveaux et utilis\u00e9s. Ainsi, vous gardez vos meubles en condition optimale, et vous donnez une seconde vie \u00e0 vos meubles (utilis\u00e9s) et sales.<\/p>\n","protected":false},"excerpt":{"rendered":"<p>PROMOTION ! Kit complet pour l&#8217;entretien, la protection et le nettoyage des canap\u00e9s avec un rev\u00eatement en tissu (textile). Le Care Kit comprend un flacon de Textile Protector, un flacon de Textile CleanTex, un chiffon sp\u00e9cialement pr\u00e9par\u00e9 et un gant de nettoyage pratique en coton.<\/p>\n","protected":false},"featured_media":250003,"template":"","meta":{"_acf_changed":false},"product_brand":[],"product_cat":[5248,5250],"product_tag":[],"class_list":{"0":"post-291636","1":"product","2":"type-product","3":"status-publish","4":"has-post-thumbnail","6":"product_cat-articles-dentretien","7":"product_cat-tissu","9":"first","10":"instock","11":"sale","12":"taxable","13":"shipping-taxable","14":"purchasable","15":"product-type-simple"},"acf":[],"yoast_head":"<!-- This site is optimized with the Yoast SEO plugin v27.1 - https:\/\/yoast.com\/product\/yoast-seo-wordpress\/ -->\n<title>Textile Care Kit | Seats and Sofas | Boutique en ligne<\/title>\n<meta name=\"description\" content=\"Kit complet pour l&#039;entretien, la protection et le nettoyage des canap\u00e9s avec un rev\u00eatement en tissu (textile).\" \/>\n<meta name=\"robots\" content=\"noindex, follow\" \/>\n<meta property=\"og:locale\" content=\"fr_FR\" \/>\n<meta property=\"og:type\" content=\"article\" \/>\n<meta property=\"og:title\" content=\"Textile Care Kit | Seats and Sofas | Boutique en ligne\" \/>\n<meta property=\"og:description\" content=\"Kit complet pour l&#039;entretien, la protection et le nettoyage des canap\u00e9s avec un rev\u00eatement en tissu (textile).\" \/>\n<meta property=\"og:url\" content=\"https:\/\/webshop.seatsandsofas.com\/fr-be\/webshop\/articles-dentretien\/tissu\/textile-care-kit\/\" \/>\n<meta property=\"og:site_name\" content=\"Seats and Sofas\" \/>\n<meta property=\"article:modified_time\" content=\"2022-11-29T07:55:17+00:00\" \/>\n<meta property=\"og:image\" content=\"https:\/\/webshop.seatsandsofas.com\/app\/uploads\/2021\/04\/Textile_Care_Kit-1.png\" \/>\n\t<meta property=\"og:image:width\" content=\"300\" \/>\n\t<meta property=\"og:image:height\" content=\"300\" \/>\n\t<meta property=\"og:image:type\" content=\"image\/png\" \/>\n<meta name=\"twitter:card\" content=\"summary_large_image\" \/>\n<meta name=\"twitter:label1\" content=\"Dur\u00e9e de lecture est.\" \/>\n\t<meta name=\"twitter:data1\" content=\"1 minute\" \/>\n<script type=\"application\/ld+json\" class=\"yoast-schema-graph\">{\"@context\":\"https:\/\/schema.org\",\"@graph\":[{\"@type\":\"WebPage\",\"@id\":\"https:\/\/webshop.seatsandsofas.com\/fr-be\/webshop\/articles-dentretien\/tissu\/textile-care-kit\/\",\"url\":\"https:\/\/webshop.seatsandsofas.com\/fr-be\/webshop\/articles-dentretien\/tissu\/textile-care-kit\/\",\"name\":\"Textile Care Kit | Seats and Sofas | Boutique en ligne\",\"isPartOf\":{\"@id\":\"https:\/\/webshop.seatsandsofas.com\/fr-be\/#website\"},\"primaryImageOfPage\":{\"@id\":\"https:\/\/webshop.seatsandsofas.com\/fr-be\/webshop\/articles-dentretien\/tissu\/textile-care-kit\/#primaryimage\"},\"image\":{\"@id\":\"https:\/\/webshop.seatsandsofas.com\/fr-be\/webshop\/articles-dentretien\/tissu\/textile-care-kit\/#primaryimage\"},\"thumbnailUrl\":\"https:\/\/cdn.webshop.seatsandsofas.com\/app\/uploads\/2021\/04\/Textile_Care_Kit-1.png?strip=all&quality=90\",\"datePublished\":\"2021-04-30T10:11:10+00:00\",\"dateModified\":\"2022-11-29T07:55:17+00:00\",\"description\":\"Kit complet pour l'entretien, la protection et le nettoyage des canap\u00e9s avec un rev\u00eatement en tissu (textile).\",\"breadcrumb\":{\"@id\":\"https:\/\/webshop.seatsandsofas.com\/fr-be\/webshop\/articles-dentretien\/tissu\/textile-care-kit\/#breadcrumb\"},\"inLanguage\":\"fr-BE\",\"potentialAction\":[{\"@type\":\"ReadAction\",\"target\":[\"https:\/\/webshop.seatsandsofas.com\/fr-be\/webshop\/articles-dentretien\/tissu\/textile-care-kit\/\"]}]},{\"@type\":\"ImageObject\",\"inLanguage\":\"fr-BE\",\"@id\":\"https:\/\/webshop.seatsandsofas.com\/fr-be\/webshop\/articles-dentretien\/tissu\/textile-care-kit\/#primaryimage\",\"url\":\"https:\/\/cdn.webshop.seatsandsofas.com\/app\/uploads\/2021\/04\/Textile_Care_Kit-1.png?strip=all&quality=90\",\"contentUrl\":\"https:\/\/cdn.webshop.seatsandsofas.com\/app\/uploads\/2021\/04\/Textile_Care_Kit-1.png?strip=all&quality=90\",\"width\":300,\"height\":300},{\"@type\":\"BreadcrumbList\",\"@id\":\"https:\/\/webshop.seatsandsofas.com\/fr-be\/webshop\/articles-dentretien\/tissu\/textile-care-kit\/#breadcrumb\",\"itemListElement\":[{\"@type\":\"ListItem\",\"position\":1,\"name\":\"Home\",\"item\":\"https:\/\/webshop.seatsandsofas.com\/fr-be\/\"},{\"@type\":\"ListItem\",\"position\":2,\"name\":\"Boutique en ligne\",\"item\":\"https:\/\/webshop.seatsandsofas.com\/fr-be\/boutique-en-ligne\/\"},{\"@type\":\"ListItem\",\"position\":3,\"name\":\"Textile Care Kit\"}]},{\"@type\":\"WebSite\",\"@id\":\"https:\/\/webshop.seatsandsofas.com\/fr-be\/#website\",\"url\":\"https:\/\/webshop.seatsandsofas.com\/fr-be\/\",\"name\":\"Seats and Sofas\",\"description\":\"Safe Shopping | Direct uit voorraad\",\"potentialAction\":[{\"@type\":\"SearchAction\",\"target\":{\"@type\":\"EntryPoint\",\"urlTemplate\":\"https:\/\/webshop.seatsandsofas.com\/fr-be\/?s={search_term_string}\"},\"query-input\":{\"@type\":\"PropertyValueSpecification\",\"valueRequired\":true,\"valueName\":\"search_term_string\"}}],\"inLanguage\":\"fr-BE\"}]}<\/script>\n<!-- \/ Yoast SEO plugin. -->","yoast_head_json":{"title":"Textile Care Kit | Seats and Sofas | Boutique en ligne","description":"Kit complet pour l'entretien, la protection et le nettoyage des canap\u00e9s avec un rev\u00eatement en tissu (textile).","robots":{"index":"noindex","follow":"follow"},"og_locale":"fr_FR","og_type":"article","og_title":"Textile Care Kit | Seats and Sofas | Boutique en ligne","og_description":"Kit complet pour l'entretien, la protection et le nettoyage des canap\u00e9s avec un rev\u00eatement en tissu (textile).","og_url":"https:\/\/webshop.seatsandsofas.com\/fr-be\/webshop\/articles-dentretien\/tissu\/textile-care-kit\/","og_site_name":"Seats and Sofas","article_modified_time":"2022-11-29T07:55:17+00:00","og_image":[{"width":300,"height":300,"url":"https:\/\/webshop.seatsandsofas.com\/app\/uploads\/2021\/04\/Textile_Care_Kit-1.png","type":"image\/png"}],"twitter_card":"summary_large_image","twitter_misc":{"Dur\u00e9e de lecture est.":"1 minute"},"schema":{"@context":"https:\/\/schema.org","@graph":[{"@type":"WebPage","@id":"https:\/\/webshop.seatsandsofas.com\/fr-be\/webshop\/articles-dentretien\/tissu\/textile-care-kit\/","url":"https:\/\/webshop.seatsandsofas.com\/fr-be\/webshop\/articles-dentretien\/tissu\/textile-care-kit\/","name":"Textile Care Kit | Seats and Sofas | Boutique en ligne","isPartOf":{"@id":"https:\/\/webshop.seatsandsofas.com\/fr-be\/#website"},"primaryImageOfPage":{"@id":"https:\/\/webshop.seatsandsofas.com\/fr-be\/webshop\/articles-dentretien\/tissu\/textile-care-kit\/#primaryimage"},"image":{"@id":"https:\/\/webshop.seatsandsofas.com\/fr-be\/webshop\/articles-dentretien\/tissu\/textile-care-kit\/#primaryimage"},"thumbnailUrl":"https:\/\/cdn.webshop.seatsandsofas.com\/app\/uploads\/2021\/04\/Textile_Care_Kit-1.png?strip=all&quality=90","datePublished":"2021-04-30T10:11:10+00:00","dateModified":"2022-11-29T07:55:17+00:00","description":"Kit complet pour l'entretien, la protection et le nettoyage des canap\u00e9s avec un rev\u00eatement en tissu (textile).","breadcrumb":{"@id":"https:\/\/webshop.seatsandsofas.com\/fr-be\/webshop\/articles-dentretien\/tissu\/textile-care-kit\/#breadcrumb"},"inLanguage":"fr-BE","potentialAction":[{"@type":"ReadAction","target":["https:\/\/webshop.seatsandsofas.com\/fr-be\/webshop\/articles-dentretien\/tissu\/textile-care-kit\/"]}]},{"@type":"ImageObject","inLanguage":"fr-BE","@id":"https:\/\/webshop.seatsandsofas.com\/fr-be\/webshop\/articles-dentretien\/tissu\/textile-care-kit\/#primaryimage","url":"https:\/\/cdn.webshop.seatsandsofas.com\/app\/uploads\/2021\/04\/Textile_Care_Kit-1.png?strip=all&quality=90","contentUrl":"https:\/\/cdn.webshop.seatsandsofas.com\/app\/uploads\/2021\/04\/Textile_Care_Kit-1.png?strip=all&quality=90","width":300,"height":300},{"@type":"BreadcrumbList","@id":"https:\/\/webshop.seatsandsofas.com\/fr-be\/webshop\/articles-dentretien\/tissu\/textile-care-kit\/#breadcrumb","itemListElement":[{"@type":"ListItem","position":1,"name":"Home","item":"https:\/\/webshop.seatsandsofas.com\/fr-be\/"},{"@type":"ListItem","position":2,"name":"Boutique en ligne","item":"https:\/\/webshop.seatsandsofas.com\/fr-be\/boutique-en-ligne\/"},{"@type":"ListItem","position":3,"name":"Textile Care Kit"}]},{"@type":"WebSite","@id":"https:\/\/webshop.seatsandsofas.com\/fr-be\/#website","url":"https:\/\/webshop.seatsandsofas.com\/fr-be\/","name":"Seats and Sofas","description":"Safe Shopping | Direct uit voorraad","potentialAction":[{"@type":"SearchAction","target":{"@type":"EntryPoint","urlTemplate":"https:\/\/webshop.seatsandsofas.com\/fr-be\/?s={search_term_string}"},"query-input":{"@type":"PropertyValueSpecification","valueRequired":true,"valueName":"search_term_string"}}],"inLanguage":"fr-BE"}]}},"publishpress_future_workflow_manual_trigger":{"enabledWorkflows":[]},"_links":{"self":[{"href":"https:\/\/webshop.seatsandsofas.com\/fr-be\/wp-json\/wp\/v2\/product\/291636","targetHints":{"allow":["GET"]}}],"collection":[{"href":"https:\/\/webshop.seatsandsofas.com\/fr-be\/wp-json\/wp\/v2\/product"}],"about":[{"href":"https:\/\/webshop.seatsandsofas.com\/fr-be\/wp-json\/wp\/v2\/types\/product"}],"wp:featuredmedia":[{"embeddable":true,"href":"https:\/\/webshop.seatsandsofas.com\/fr-be\/wp-json\/wp\/v2\/media\/250003"}],"wp:attachment":[{"href":"https:\/\/webshop.seatsandsofas.com\/fr-be\/wp-json\/wp\/v2\/media?parent=291636"}],"wp:term":[{"taxonomy":"product_brand","embeddable":true,"href":"https:\/\/webshop.seatsandsofas.com\/fr-be\/wp-json\/wp\/v2\/product_brand?post=291636"},{"taxonomy":"product_cat","embeddable":true,"href":"https:\/\/webshop.seatsandsofas.com\/fr-be\/wp-json\/wp\/v2\/product_cat?post=291636"},{"taxonomy":"product_tag","embeddable":true,"href":"https:\/\/webshop.seatsandsofas.com\/fr-be\/wp-json\/wp\/v2\/product_tag?post=291636"}],"curies":[{"name":"wp","href":"https:\/\/api.w.org\/{rel}","templated":true}]}}