{"id":291642,"date":"2021-04-30T12:10:04","date_gmt":"2021-04-30T10:10:04","guid":{"rendered":"https:\/\/webshop.seatsandsofas.com\/webshop\/uncategorized\/leatherlook-care-kit\/"},"modified":"2022-11-29T12:37:49","modified_gmt":"2022-11-29T11:37:49","slug":"leatherlook-care-kit","status":"publish","type":"product","link":"https:\/\/webshop.seatsandsofas.com\/fr-be\/webshop\/articles-dentretien\/simili-cuir\/leatherlook-care-kit\/","title":{"rendered":"Leatherlook Care Kit"},"content":{"rendered":"<p>Le cuir est un produit naturel offrant un aspect luxueux et \u00e9l\u00e9gant. Vous avez fait un excellent choix avec ce Leatherlook Care Kit qui pr\u00e9servera l\u2019\u00e9l\u00e9gance et le bon \u00e9tat de votre cuir. Ce set comprend des produits s\u00fbrs et de qualit\u00e9 pour nettoyer, nourrir et prot\u00e9ger votre cuir contre notamment l\u2019humidit\u00e9, l\u2019huile de la peau, la transpiration, la salet\u00e9 et les rayons UV. Un traitement r\u00e9gulier garde la souplesse de votre cuir et prolonge sa dur\u00e9e de vie.<\/p>\n","protected":false},"excerpt":{"rendered":"<p>PROMOTION ! Un produit d&#8217;entretien efficace et s\u00fbr qui nettoie et pourvoit l&#8217;aspect cuir en une seule application d&#8217;une couche de protection invisible contre les d\u00e9p\u00f4ts de salet\u00e9s, de s\u00e9bum et de transpiration cutan\u00e9e. Le kit comprend \u00e9galement un flacon de Leatherlook Clean &#038; Care, une \u00e9ponge Double Action et un chiffon de lustrage.<\/p>\n","protected":false},"featured_media":291191,"template":"","meta":{"_acf_changed":false},"product_brand":[],"product_cat":[5248,5255],"product_tag":[],"class_list":{"0":"post-291642","1":"product","2":"type-product","3":"status-publish","4":"has-post-thumbnail","6":"product_cat-articles-dentretien","7":"product_cat-simili-cuir","9":"first","10":"instock","11":"sale","12":"taxable","13":"shipping-taxable","14":"purchasable","15":"product-type-simple"},"acf":[],"yoast_head":"<!-- This site is optimized with the Yoast SEO plugin v27.1 - https:\/\/yoast.com\/product\/yoast-seo-wordpress\/ -->\n<title>Leatherlook Care Kit | Seats and Sofas Boutique en ligne<\/title>\n<meta name=\"robots\" content=\"noindex, follow\" \/>\n<meta property=\"og:locale\" content=\"fr_FR\" \/>\n<meta property=\"og:type\" content=\"article\" \/>\n<meta property=\"og:title\" content=\"Leatherlook Care Kit | Seats and Sofas Boutique en ligne\" \/>\n<meta property=\"og:description\" content=\"PROMOTION ! Un produit d&#039;entretien efficace et s\u00fbr qui nettoie et pourvoit l&#039;aspect cuir en une seule application d&#039;une couche de protection invisible contre les d\u00e9p\u00f4ts de salet\u00e9s, de s\u00e9bum et de transpiration cutan\u00e9e. Le kit comprend \u00e9galement un flacon de Leatherlook Clean &amp; Care, une \u00e9ponge Double Action et un chiffon de lustrage.\" \/>\n<meta property=\"og:url\" content=\"https:\/\/webshop.seatsandsofas.com\/fr-be\/webshop\/articles-dentretien\/simili-cuir\/leatherlook-care-kit\/\" \/>\n<meta property=\"og:site_name\" content=\"Seats and Sofas\" \/>\n<meta property=\"article:modified_time\" content=\"2022-11-29T11:37:49+00:00\" \/>\n<meta property=\"og:image\" content=\"https:\/\/webshop.seatsandsofas.com\/app\/uploads\/2021\/04\/Leatherlook_Care_Kit-1.png\" \/>\n\t<meta property=\"og:image:width\" content=\"300\" \/>\n\t<meta property=\"og:image:height\" content=\"300\" \/>\n\t<meta property=\"og:image:type\" content=\"image\/png\" \/>\n<meta name=\"twitter:card\" content=\"summary_large_image\" \/>\n<meta name=\"twitter:label1\" content=\"Dur\u00e9e de lecture est.\" \/>\n\t<meta name=\"twitter:data1\" content=\"1 minute\" \/>\n<script type=\"application\/ld+json\" class=\"yoast-schema-graph\">{\"@context\":\"https:\/\/schema.org\",\"@graph\":[{\"@type\":\"WebPage\",\"@id\":\"https:\/\/webshop.seatsandsofas.com\/fr-be\/webshop\/articles-dentretien\/simili-cuir\/leatherlook-care-kit\/\",\"url\":\"https:\/\/webshop.seatsandsofas.com\/fr-be\/webshop\/articles-dentretien\/simili-cuir\/leatherlook-care-kit\/\",\"name\":\"Leatherlook Care Kit | Seats and Sofas Boutique en ligne\",\"isPartOf\":{\"@id\":\"https:\/\/webshop.seatsandsofas.com\/fr-be\/#website\"},\"primaryImageOfPage\":{\"@id\":\"https:\/\/webshop.seatsandsofas.com\/fr-be\/webshop\/articles-dentretien\/simili-cuir\/leatherlook-care-kit\/#primaryimage\"},\"image\":{\"@id\":\"https:\/\/webshop.seatsandsofas.com\/fr-be\/webshop\/articles-dentretien\/simili-cuir\/leatherlook-care-kit\/#primaryimage\"},\"thumbnailUrl\":\"https:\/\/cdn.webshop.seatsandsofas.com\/app\/uploads\/2021\/04\/Leatherlook_Care_Kit-1.png?strip=all&quality=90\",\"datePublished\":\"2021-04-30T10:10:04+00:00\",\"dateModified\":\"2022-11-29T11:37:49+00:00\",\"breadcrumb\":{\"@id\":\"https:\/\/webshop.seatsandsofas.com\/fr-be\/webshop\/articles-dentretien\/simili-cuir\/leatherlook-care-kit\/#breadcrumb\"},\"inLanguage\":\"fr-BE\",\"potentialAction\":[{\"@type\":\"ReadAction\",\"target\":[\"https:\/\/webshop.seatsandsofas.com\/fr-be\/webshop\/articles-dentretien\/simili-cuir\/leatherlook-care-kit\/\"]}]},{\"@type\":\"ImageObject\",\"inLanguage\":\"fr-BE\",\"@id\":\"https:\/\/webshop.seatsandsofas.com\/fr-be\/webshop\/articles-dentretien\/simili-cuir\/leatherlook-care-kit\/#primaryimage\",\"url\":\"https:\/\/cdn.webshop.seatsandsofas.com\/app\/uploads\/2021\/04\/Leatherlook_Care_Kit-1.png?strip=all&quality=90\",\"contentUrl\":\"https:\/\/cdn.webshop.seatsandsofas.com\/app\/uploads\/2021\/04\/Leatherlook_Care_Kit-1.png?strip=all&quality=90\",\"width\":300,\"height\":300},{\"@type\":\"BreadcrumbList\",\"@id\":\"https:\/\/webshop.seatsandsofas.com\/fr-be\/webshop\/articles-dentretien\/simili-cuir\/leatherlook-care-kit\/#breadcrumb\",\"itemListElement\":[{\"@type\":\"ListItem\",\"position\":1,\"name\":\"Home\",\"item\":\"https:\/\/webshop.seatsandsofas.com\/fr-be\/\"},{\"@type\":\"ListItem\",\"position\":2,\"name\":\"Boutique en ligne\",\"item\":\"https:\/\/webshop.seatsandsofas.com\/fr-be\/boutique-en-ligne\/\"},{\"@type\":\"ListItem\",\"position\":3,\"name\":\"Leatherlook Care Kit\"}]},{\"@type\":\"WebSite\",\"@id\":\"https:\/\/webshop.seatsandsofas.com\/fr-be\/#website\",\"url\":\"https:\/\/webshop.seatsandsofas.com\/fr-be\/\",\"name\":\"Seats and Sofas\",\"description\":\"Safe Shopping | Direct uit voorraad\",\"potentialAction\":[{\"@type\":\"SearchAction\",\"target\":{\"@type\":\"EntryPoint\",\"urlTemplate\":\"https:\/\/webshop.seatsandsofas.com\/fr-be\/?s={search_term_string}\"},\"query-input\":{\"@type\":\"PropertyValueSpecification\",\"valueRequired\":true,\"valueName\":\"search_term_string\"}}],\"inLanguage\":\"fr-BE\"}]}<\/script>\n<!-- \/ Yoast SEO plugin. -->","yoast_head_json":{"title":"Leatherlook Care Kit | Seats and Sofas Boutique en ligne","robots":{"index":"noindex","follow":"follow"},"og_locale":"fr_FR","og_type":"article","og_title":"Leatherlook Care Kit | Seats and Sofas Boutique en ligne","og_description":"PROMOTION ! Un produit d'entretien efficace et s\u00fbr qui nettoie et pourvoit l'aspect cuir en une seule application d'une couche de protection invisible contre les d\u00e9p\u00f4ts de salet\u00e9s, de s\u00e9bum et de transpiration cutan\u00e9e. Le kit comprend \u00e9galement un flacon de Leatherlook Clean & Care, une \u00e9ponge Double Action et un chiffon de lustrage.","og_url":"https:\/\/webshop.seatsandsofas.com\/fr-be\/webshop\/articles-dentretien\/simili-cuir\/leatherlook-care-kit\/","og_site_name":"Seats and Sofas","article_modified_time":"2022-11-29T11:37:49+00:00","og_image":[{"width":300,"height":300,"url":"https:\/\/webshop.seatsandsofas.com\/app\/uploads\/2021\/04\/Leatherlook_Care_Kit-1.png","type":"image\/png"}],"twitter_card":"summary_large_image","twitter_misc":{"Dur\u00e9e de lecture est.":"1 minute"},"schema":{"@context":"https:\/\/schema.org","@graph":[{"@type":"WebPage","@id":"https:\/\/webshop.seatsandsofas.com\/fr-be\/webshop\/articles-dentretien\/simili-cuir\/leatherlook-care-kit\/","url":"https:\/\/webshop.seatsandsofas.com\/fr-be\/webshop\/articles-dentretien\/simili-cuir\/leatherlook-care-kit\/","name":"Leatherlook Care Kit | Seats and Sofas Boutique en ligne","isPartOf":{"@id":"https:\/\/webshop.seatsandsofas.com\/fr-be\/#website"},"primaryImageOfPage":{"@id":"https:\/\/webshop.seatsandsofas.com\/fr-be\/webshop\/articles-dentretien\/simili-cuir\/leatherlook-care-kit\/#primaryimage"},"image":{"@id":"https:\/\/webshop.seatsandsofas.com\/fr-be\/webshop\/articles-dentretien\/simili-cuir\/leatherlook-care-kit\/#primaryimage"},"thumbnailUrl":"https:\/\/cdn.webshop.seatsandsofas.com\/app\/uploads\/2021\/04\/Leatherlook_Care_Kit-1.png?strip=all&quality=90","datePublished":"2021-04-30T10:10:04+00:00","dateModified":"2022-11-29T11:37:49+00:00","breadcrumb":{"@id":"https:\/\/webshop.seatsandsofas.com\/fr-be\/webshop\/articles-dentretien\/simili-cuir\/leatherlook-care-kit\/#breadcrumb"},"inLanguage":"fr-BE","potentialAction":[{"@type":"ReadAction","target":["https:\/\/webshop.seatsandsofas.com\/fr-be\/webshop\/articles-dentretien\/simili-cuir\/leatherlook-care-kit\/"]}]},{"@type":"ImageObject","inLanguage":"fr-BE","@id":"https:\/\/webshop.seatsandsofas.com\/fr-be\/webshop\/articles-dentretien\/simili-cuir\/leatherlook-care-kit\/#primaryimage","url":"https:\/\/cdn.webshop.seatsandsofas.com\/app\/uploads\/2021\/04\/Leatherlook_Care_Kit-1.png?strip=all&quality=90","contentUrl":"https:\/\/cdn.webshop.seatsandsofas.com\/app\/uploads\/2021\/04\/Leatherlook_Care_Kit-1.png?strip=all&quality=90","width":300,"height":300},{"@type":"BreadcrumbList","@id":"https:\/\/webshop.seatsandsofas.com\/fr-be\/webshop\/articles-dentretien\/simili-cuir\/leatherlook-care-kit\/#breadcrumb","itemListElement":[{"@type":"ListItem","position":1,"name":"Home","item":"https:\/\/webshop.seatsandsofas.com\/fr-be\/"},{"@type":"ListItem","position":2,"name":"Boutique en ligne","item":"https:\/\/webshop.seatsandsofas.com\/fr-be\/boutique-en-ligne\/"},{"@type":"ListItem","position":3,"name":"Leatherlook Care Kit"}]},{"@type":"WebSite","@id":"https:\/\/webshop.seatsandsofas.com\/fr-be\/#website","url":"https:\/\/webshop.seatsandsofas.com\/fr-be\/","name":"Seats and Sofas","description":"Safe Shopping | Direct uit voorraad","potentialAction":[{"@type":"SearchAction","target":{"@type":"EntryPoint","urlTemplate":"https:\/\/webshop.seatsandsofas.com\/fr-be\/?s={search_term_string}"},"query-input":{"@type":"PropertyValueSpecification","valueRequired":true,"valueName":"search_term_string"}}],"inLanguage":"fr-BE"}]}},"publishpress_future_workflow_manual_trigger":{"enabledWorkflows":[]},"_links":{"self":[{"href":"https:\/\/webshop.seatsandsofas.com\/fr-be\/wp-json\/wp\/v2\/product\/291642","targetHints":{"allow":["GET"]}}],"collection":[{"href":"https:\/\/webshop.seatsandsofas.com\/fr-be\/wp-json\/wp\/v2\/product"}],"about":[{"href":"https:\/\/webshop.seatsandsofas.com\/fr-be\/wp-json\/wp\/v2\/types\/product"}],"wp:featuredmedia":[{"embeddable":true,"href":"https:\/\/webshop.seatsandsofas.com\/fr-be\/wp-json\/wp\/v2\/media\/291191"}],"wp:attachment":[{"href":"https:\/\/webshop.seatsandsofas.com\/fr-be\/wp-json\/wp\/v2\/media?parent=291642"}],"wp:term":[{"taxonomy":"product_brand","embeddable":true,"href":"https:\/\/webshop.seatsandsofas.com\/fr-be\/wp-json\/wp\/v2\/product_brand?post=291642"},{"taxonomy":"product_cat","embeddable":true,"href":"https:\/\/webshop.seatsandsofas.com\/fr-be\/wp-json\/wp\/v2\/product_cat?post=291642"},{"taxonomy":"product_tag","embeddable":true,"href":"https:\/\/webshop.seatsandsofas.com\/fr-be\/wp-json\/wp\/v2\/product_tag?post=291642"}],"curies":[{"name":"wp","href":"https:\/\/api.w.org\/{rel}","templated":true}]}}