{"id":291653,"date":"2021-04-30T12:06:07","date_gmt":"2021-04-30T10:06:07","guid":{"rendered":"https:\/\/webshop.seatsandsofas.com\/webshop\/uncategorized\/ink-remover\/"},"modified":"2022-11-29T12:34:04","modified_gmt":"2022-11-29T11:34:04","slug":"ink-remover","status":"publish","type":"product","link":"https:\/\/webshop.seatsandsofas.com\/fr-be\/webshop\/articles-dentretien\/cuir\/ink-remover\/","title":{"rendered":"Ink Remover"},"content":{"rendered":"<p>L&#8217;Ink Remover est un produit doux, inodore, sans solvant, onctueux qui \u00e9limine rapidement et efficacement les encres.<\/p>\n","protected":false},"excerpt":{"rendered":"<p>Enl\u00e8ve l&#8217;encre (de stylos) et le rouge \u00e0 l\u00e8vres du cuir et du leatherlook. Ne pas au cuir frott\u00e9 et au cuir plein-aniline (lisse).<\/p>\n","protected":false},"featured_media":291227,"template":"","meta":{"_acf_changed":false},"product_brand":[],"product_cat":[5248,5249,5255],"product_tag":[],"class_list":{"0":"post-291653","1":"product","2":"type-product","3":"status-publish","4":"has-post-thumbnail","6":"product_cat-articles-dentretien","7":"product_cat-cuir","8":"product_cat-simili-cuir","10":"first","11":"instock","12":"taxable","13":"shipping-taxable","14":"purchasable","15":"product-type-simple"},"acf":[],"yoast_head":"<!-- This site is optimized with the Yoast SEO plugin v27.1 - https:\/\/yoast.com\/product\/yoast-seo-wordpress\/ -->\n<title>Ink Remover | Seats and Sofas Boutique en ligne<\/title>\n<meta name=\"description\" content=\"Enl\u00e8ve l&#039;encre (de stylos) et le rouge \u00e0 l\u00e8vres du cuir et du leatherlook.\" \/>\n<meta name=\"robots\" content=\"noindex, follow\" \/>\n<meta property=\"og:locale\" content=\"fr_FR\" \/>\n<meta property=\"og:type\" content=\"article\" \/>\n<meta property=\"og:title\" content=\"Ink Remover | Seats and Sofas Boutique en ligne\" \/>\n<meta property=\"og:description\" content=\"Enl\u00e8ve l&#039;encre (de stylos) et le rouge \u00e0 l\u00e8vres du cuir et du leatherlook.\" \/>\n<meta property=\"og:url\" content=\"https:\/\/webshop.seatsandsofas.com\/fr-be\/webshop\/articles-dentretien\/cuir\/ink-remover\/\" \/>\n<meta property=\"og:site_name\" content=\"Seats and Sofas\" \/>\n<meta property=\"article:modified_time\" content=\"2022-11-29T11:34:04+00:00\" \/>\n<meta property=\"og:image\" content=\"https:\/\/webshop.seatsandsofas.com\/app\/uploads\/2021\/04\/Leather_Ink_Remover_4.5ml.png\" \/>\n\t<meta property=\"og:image:width\" content=\"300\" \/>\n\t<meta property=\"og:image:height\" content=\"300\" \/>\n\t<meta property=\"og:image:type\" content=\"image\/png\" \/>\n<meta name=\"twitter:card\" content=\"summary_large_image\" \/>\n<meta name=\"twitter:label1\" content=\"Dur\u00e9e de lecture est.\" \/>\n\t<meta name=\"twitter:data1\" content=\"1 minute\" \/>\n<script type=\"application\/ld+json\" class=\"yoast-schema-graph\">{\"@context\":\"https:\/\/schema.org\",\"@graph\":[{\"@type\":\"WebPage\",\"@id\":\"https:\/\/webshop.seatsandsofas.com\/fr-be\/webshop\/articles-dentretien\/cuir\/ink-remover\/\",\"url\":\"https:\/\/webshop.seatsandsofas.com\/fr-be\/webshop\/articles-dentretien\/cuir\/ink-remover\/\",\"name\":\"Ink Remover | Seats and Sofas Boutique en ligne\",\"isPartOf\":{\"@id\":\"https:\/\/webshop.seatsandsofas.com\/fr-be\/#website\"},\"primaryImageOfPage\":{\"@id\":\"https:\/\/webshop.seatsandsofas.com\/fr-be\/webshop\/articles-dentretien\/cuir\/ink-remover\/#primaryimage\"},\"image\":{\"@id\":\"https:\/\/webshop.seatsandsofas.com\/fr-be\/webshop\/articles-dentretien\/cuir\/ink-remover\/#primaryimage\"},\"thumbnailUrl\":\"https:\/\/cdn.webshop.seatsandsofas.com\/app\/uploads\/2021\/04\/Leather_Ink_Remover_4.5ml.png?strip=all&quality=90\",\"datePublished\":\"2021-04-30T10:06:07+00:00\",\"dateModified\":\"2022-11-29T11:34:04+00:00\",\"description\":\"Enl\u00e8ve l'encre (de stylos) et le rouge \u00e0 l\u00e8vres du cuir et du leatherlook.\",\"breadcrumb\":{\"@id\":\"https:\/\/webshop.seatsandsofas.com\/fr-be\/webshop\/articles-dentretien\/cuir\/ink-remover\/#breadcrumb\"},\"inLanguage\":\"fr-BE\",\"potentialAction\":[{\"@type\":\"ReadAction\",\"target\":[\"https:\/\/webshop.seatsandsofas.com\/fr-be\/webshop\/articles-dentretien\/cuir\/ink-remover\/\"]}]},{\"@type\":\"ImageObject\",\"inLanguage\":\"fr-BE\",\"@id\":\"https:\/\/webshop.seatsandsofas.com\/fr-be\/webshop\/articles-dentretien\/cuir\/ink-remover\/#primaryimage\",\"url\":\"https:\/\/cdn.webshop.seatsandsofas.com\/app\/uploads\/2021\/04\/Leather_Ink_Remover_4.5ml.png?strip=all&quality=90\",\"contentUrl\":\"https:\/\/cdn.webshop.seatsandsofas.com\/app\/uploads\/2021\/04\/Leather_Ink_Remover_4.5ml.png?strip=all&quality=90\",\"width\":300,\"height\":300},{\"@type\":\"BreadcrumbList\",\"@id\":\"https:\/\/webshop.seatsandsofas.com\/fr-be\/webshop\/articles-dentretien\/cuir\/ink-remover\/#breadcrumb\",\"itemListElement\":[{\"@type\":\"ListItem\",\"position\":1,\"name\":\"Home\",\"item\":\"https:\/\/webshop.seatsandsofas.com\/fr-be\/\"},{\"@type\":\"ListItem\",\"position\":2,\"name\":\"Boutique en ligne\",\"item\":\"https:\/\/webshop.seatsandsofas.com\/fr-be\/boutique-en-ligne\/\"},{\"@type\":\"ListItem\",\"position\":3,\"name\":\"Ink Remover\"}]},{\"@type\":\"WebSite\",\"@id\":\"https:\/\/webshop.seatsandsofas.com\/fr-be\/#website\",\"url\":\"https:\/\/webshop.seatsandsofas.com\/fr-be\/\",\"name\":\"Seats and Sofas\",\"description\":\"Safe Shopping | Direct uit voorraad\",\"potentialAction\":[{\"@type\":\"SearchAction\",\"target\":{\"@type\":\"EntryPoint\",\"urlTemplate\":\"https:\/\/webshop.seatsandsofas.com\/fr-be\/?s={search_term_string}\"},\"query-input\":{\"@type\":\"PropertyValueSpecification\",\"valueRequired\":true,\"valueName\":\"search_term_string\"}}],\"inLanguage\":\"fr-BE\"}]}<\/script>\n<!-- \/ Yoast SEO plugin. -->","yoast_head_json":{"title":"Ink Remover | Seats and Sofas Boutique en ligne","description":"Enl\u00e8ve l'encre (de stylos) et le rouge \u00e0 l\u00e8vres du cuir et du leatherlook.","robots":{"index":"noindex","follow":"follow"},"og_locale":"fr_FR","og_type":"article","og_title":"Ink Remover | Seats and Sofas Boutique en ligne","og_description":"Enl\u00e8ve l'encre (de stylos) et le rouge \u00e0 l\u00e8vres du cuir et du leatherlook.","og_url":"https:\/\/webshop.seatsandsofas.com\/fr-be\/webshop\/articles-dentretien\/cuir\/ink-remover\/","og_site_name":"Seats and Sofas","article_modified_time":"2022-11-29T11:34:04+00:00","og_image":[{"width":300,"height":300,"url":"https:\/\/webshop.seatsandsofas.com\/app\/uploads\/2021\/04\/Leather_Ink_Remover_4.5ml.png","type":"image\/png"}],"twitter_card":"summary_large_image","twitter_misc":{"Dur\u00e9e de lecture est.":"1 minute"},"schema":{"@context":"https:\/\/schema.org","@graph":[{"@type":"WebPage","@id":"https:\/\/webshop.seatsandsofas.com\/fr-be\/webshop\/articles-dentretien\/cuir\/ink-remover\/","url":"https:\/\/webshop.seatsandsofas.com\/fr-be\/webshop\/articles-dentretien\/cuir\/ink-remover\/","name":"Ink Remover | Seats and Sofas Boutique en ligne","isPartOf":{"@id":"https:\/\/webshop.seatsandsofas.com\/fr-be\/#website"},"primaryImageOfPage":{"@id":"https:\/\/webshop.seatsandsofas.com\/fr-be\/webshop\/articles-dentretien\/cuir\/ink-remover\/#primaryimage"},"image":{"@id":"https:\/\/webshop.seatsandsofas.com\/fr-be\/webshop\/articles-dentretien\/cuir\/ink-remover\/#primaryimage"},"thumbnailUrl":"https:\/\/cdn.webshop.seatsandsofas.com\/app\/uploads\/2021\/04\/Leather_Ink_Remover_4.5ml.png?strip=all&quality=90","datePublished":"2021-04-30T10:06:07+00:00","dateModified":"2022-11-29T11:34:04+00:00","description":"Enl\u00e8ve l'encre (de stylos) et le rouge \u00e0 l\u00e8vres du cuir et du leatherlook.","breadcrumb":{"@id":"https:\/\/webshop.seatsandsofas.com\/fr-be\/webshop\/articles-dentretien\/cuir\/ink-remover\/#breadcrumb"},"inLanguage":"fr-BE","potentialAction":[{"@type":"ReadAction","target":["https:\/\/webshop.seatsandsofas.com\/fr-be\/webshop\/articles-dentretien\/cuir\/ink-remover\/"]}]},{"@type":"ImageObject","inLanguage":"fr-BE","@id":"https:\/\/webshop.seatsandsofas.com\/fr-be\/webshop\/articles-dentretien\/cuir\/ink-remover\/#primaryimage","url":"https:\/\/cdn.webshop.seatsandsofas.com\/app\/uploads\/2021\/04\/Leather_Ink_Remover_4.5ml.png?strip=all&quality=90","contentUrl":"https:\/\/cdn.webshop.seatsandsofas.com\/app\/uploads\/2021\/04\/Leather_Ink_Remover_4.5ml.png?strip=all&quality=90","width":300,"height":300},{"@type":"BreadcrumbList","@id":"https:\/\/webshop.seatsandsofas.com\/fr-be\/webshop\/articles-dentretien\/cuir\/ink-remover\/#breadcrumb","itemListElement":[{"@type":"ListItem","position":1,"name":"Home","item":"https:\/\/webshop.seatsandsofas.com\/fr-be\/"},{"@type":"ListItem","position":2,"name":"Boutique en ligne","item":"https:\/\/webshop.seatsandsofas.com\/fr-be\/boutique-en-ligne\/"},{"@type":"ListItem","position":3,"name":"Ink Remover"}]},{"@type":"WebSite","@id":"https:\/\/webshop.seatsandsofas.com\/fr-be\/#website","url":"https:\/\/webshop.seatsandsofas.com\/fr-be\/","name":"Seats and Sofas","description":"Safe Shopping | Direct uit voorraad","potentialAction":[{"@type":"SearchAction","target":{"@type":"EntryPoint","urlTemplate":"https:\/\/webshop.seatsandsofas.com\/fr-be\/?s={search_term_string}"},"query-input":{"@type":"PropertyValueSpecification","valueRequired":true,"valueName":"search_term_string"}}],"inLanguage":"fr-BE"}]}},"publishpress_future_workflow_manual_trigger":{"enabledWorkflows":[]},"_links":{"self":[{"href":"https:\/\/webshop.seatsandsofas.com\/fr-be\/wp-json\/wp\/v2\/product\/291653","targetHints":{"allow":["GET"]}}],"collection":[{"href":"https:\/\/webshop.seatsandsofas.com\/fr-be\/wp-json\/wp\/v2\/product"}],"about":[{"href":"https:\/\/webshop.seatsandsofas.com\/fr-be\/wp-json\/wp\/v2\/types\/product"}],"wp:featuredmedia":[{"embeddable":true,"href":"https:\/\/webshop.seatsandsofas.com\/fr-be\/wp-json\/wp\/v2\/media\/291227"}],"wp:attachment":[{"href":"https:\/\/webshop.seatsandsofas.com\/fr-be\/wp-json\/wp\/v2\/media?parent=291653"}],"wp:term":[{"taxonomy":"product_brand","embeddable":true,"href":"https:\/\/webshop.seatsandsofas.com\/fr-be\/wp-json\/wp\/v2\/product_brand?post=291653"},{"taxonomy":"product_cat","embeddable":true,"href":"https:\/\/webshop.seatsandsofas.com\/fr-be\/wp-json\/wp\/v2\/product_cat?post=291653"},{"taxonomy":"product_tag","embeddable":true,"href":"https:\/\/webshop.seatsandsofas.com\/fr-be\/wp-json\/wp\/v2\/product_tag?post=291653"}],"curies":[{"name":"wp","href":"https:\/\/api.w.org\/{rel}","templated":true}]}}