{"id":291657,"date":"2021-04-30T12:05:20","date_gmt":"2021-04-30T10:05:20","guid":{"rendered":"https:\/\/webshop.seatsandsofas.com\/webshop\/uncategorized\/anti-static-spray\/"},"modified":"2022-11-29T16:12:08","modified_gmt":"2022-11-29T15:12:08","slug":"anti-static-spray","status":"publish","type":"product","link":"https:\/\/webshop.seatsandsofas.com\/fr-be\/webshop\/articles-dentretien\/tissu\/anti-static-spray\/","title":{"rendered":"Anti-Static Spray"},"content":{"rendered":"<p>Avant son utilisation faire un test sur une surface non visible afin de contr\u00f4ler la stabilit\u00e9 sw couleur et la durabilit\u00e9. Comparer seulement apr\u00e9s s\u00e9chage. utiliser exclusivement dans des espaces bien ventil\u00e9s, de pr\u00e9f\u00e9rence en plein air. Apr\u00e9s application , ventiler pendant minimum 3 heures. Traiter des grands objets, comme des fauteuils, en plein air. Pulv\u00e9riser la surface de mani\u00e9re \u00e9gale et laisser s\u00e9cher pendant minimum 1 heure. <\/p>\n","protected":false},"excerpt":{"rendered":"<p>Spray antistatique qui rend les tissues de meubles et tapis antistatique.<\/p>\n","protected":false},"featured_media":291233,"template":"","meta":{"_acf_changed":false},"product_brand":[],"product_cat":[5248,5250],"product_tag":[],"class_list":{"0":"post-291657","1":"product","2":"type-product","3":"status-publish","4":"has-post-thumbnail","6":"product_cat-articles-dentretien","7":"product_cat-tissu","9":"first","10":"instock","11":"taxable","12":"shipping-taxable","13":"purchasable","14":"product-type-simple"},"acf":[],"yoast_head":"<!-- This site is optimized with the Yoast SEO plugin v27.1 - https:\/\/yoast.com\/product\/yoast-seo-wordpress\/ -->\n<title>Anti-Static Spray | Seats and Sofas Boutique en ligne<\/title>\n<meta name=\"description\" content=\"Spray antistatique qui rend les tissues de meubles et tapis antistatique.\" \/>\n<meta name=\"robots\" content=\"noindex, follow\" \/>\n<meta property=\"og:locale\" content=\"fr_FR\" \/>\n<meta property=\"og:type\" content=\"article\" \/>\n<meta property=\"og:title\" content=\"Anti-Static Spray | Seats and Sofas Boutique en ligne\" \/>\n<meta property=\"og:description\" content=\"Spray antistatique qui rend les tissues de meubles et tapis antistatique.\" \/>\n<meta property=\"og:url\" content=\"https:\/\/webshop.seatsandsofas.com\/fr-be\/webshop\/articles-dentretien\/tissu\/anti-static-spray\/\" \/>\n<meta property=\"og:site_name\" content=\"Seats and Sofas\" \/>\n<meta property=\"article:modified_time\" content=\"2022-11-29T15:12:08+00:00\" \/>\n<meta property=\"og:image\" content=\"https:\/\/webshop.seatsandsofas.com\/app\/uploads\/2021\/04\/Textile_Anti-static_500ml.png\" \/>\n\t<meta property=\"og:image:width\" content=\"300\" \/>\n\t<meta property=\"og:image:height\" content=\"300\" \/>\n\t<meta property=\"og:image:type\" content=\"image\/png\" \/>\n<meta name=\"twitter:card\" content=\"summary_large_image\" \/>\n<meta name=\"twitter:label1\" content=\"Dur\u00e9e de lecture est.\" \/>\n\t<meta name=\"twitter:data1\" content=\"1 minute\" \/>\n<script type=\"application\/ld+json\" class=\"yoast-schema-graph\">{\"@context\":\"https:\/\/schema.org\",\"@graph\":[{\"@type\":\"WebPage\",\"@id\":\"https:\/\/webshop.seatsandsofas.com\/fr-be\/webshop\/articles-dentretien\/tissu\/anti-static-spray\/\",\"url\":\"https:\/\/webshop.seatsandsofas.com\/fr-be\/webshop\/articles-dentretien\/tissu\/anti-static-spray\/\",\"name\":\"Anti-Static Spray | Seats and Sofas Boutique en ligne\",\"isPartOf\":{\"@id\":\"https:\/\/webshop.seatsandsofas.com\/fr-be\/#website\"},\"primaryImageOfPage\":{\"@id\":\"https:\/\/webshop.seatsandsofas.com\/fr-be\/webshop\/articles-dentretien\/tissu\/anti-static-spray\/#primaryimage\"},\"image\":{\"@id\":\"https:\/\/webshop.seatsandsofas.com\/fr-be\/webshop\/articles-dentretien\/tissu\/anti-static-spray\/#primaryimage\"},\"thumbnailUrl\":\"https:\/\/cdn.webshop.seatsandsofas.com\/app\/uploads\/2021\/04\/Textile_Anti-static_500ml.png?strip=all&quality=90\",\"datePublished\":\"2021-04-30T10:05:20+00:00\",\"dateModified\":\"2022-11-29T15:12:08+00:00\",\"description\":\"Spray antistatique qui rend les tissues de meubles et tapis antistatique.\",\"breadcrumb\":{\"@id\":\"https:\/\/webshop.seatsandsofas.com\/fr-be\/webshop\/articles-dentretien\/tissu\/anti-static-spray\/#breadcrumb\"},\"inLanguage\":\"fr-BE\",\"potentialAction\":[{\"@type\":\"ReadAction\",\"target\":[\"https:\/\/webshop.seatsandsofas.com\/fr-be\/webshop\/articles-dentretien\/tissu\/anti-static-spray\/\"]}]},{\"@type\":\"ImageObject\",\"inLanguage\":\"fr-BE\",\"@id\":\"https:\/\/webshop.seatsandsofas.com\/fr-be\/webshop\/articles-dentretien\/tissu\/anti-static-spray\/#primaryimage\",\"url\":\"https:\/\/cdn.webshop.seatsandsofas.com\/app\/uploads\/2021\/04\/Textile_Anti-static_500ml.png?strip=all&quality=90\",\"contentUrl\":\"https:\/\/cdn.webshop.seatsandsofas.com\/app\/uploads\/2021\/04\/Textile_Anti-static_500ml.png?strip=all&quality=90\",\"width\":300,\"height\":300},{\"@type\":\"BreadcrumbList\",\"@id\":\"https:\/\/webshop.seatsandsofas.com\/fr-be\/webshop\/articles-dentretien\/tissu\/anti-static-spray\/#breadcrumb\",\"itemListElement\":[{\"@type\":\"ListItem\",\"position\":1,\"name\":\"Home\",\"item\":\"https:\/\/webshop.seatsandsofas.com\/fr-be\/\"},{\"@type\":\"ListItem\",\"position\":2,\"name\":\"Boutique en ligne\",\"item\":\"https:\/\/webshop.seatsandsofas.com\/fr-be\/boutique-en-ligne\/\"},{\"@type\":\"ListItem\",\"position\":3,\"name\":\"Anti-Static Spray\"}]},{\"@type\":\"WebSite\",\"@id\":\"https:\/\/webshop.seatsandsofas.com\/fr-be\/#website\",\"url\":\"https:\/\/webshop.seatsandsofas.com\/fr-be\/\",\"name\":\"Seats and Sofas\",\"description\":\"Safe Shopping | Direct uit voorraad\",\"potentialAction\":[{\"@type\":\"SearchAction\",\"target\":{\"@type\":\"EntryPoint\",\"urlTemplate\":\"https:\/\/webshop.seatsandsofas.com\/fr-be\/?s={search_term_string}\"},\"query-input\":{\"@type\":\"PropertyValueSpecification\",\"valueRequired\":true,\"valueName\":\"search_term_string\"}}],\"inLanguage\":\"fr-BE\"}]}<\/script>\n<!-- \/ Yoast SEO plugin. -->","yoast_head_json":{"title":"Anti-Static Spray | Seats and Sofas Boutique en ligne","description":"Spray antistatique qui rend les tissues de meubles et tapis antistatique.","robots":{"index":"noindex","follow":"follow"},"og_locale":"fr_FR","og_type":"article","og_title":"Anti-Static Spray | Seats and Sofas Boutique en ligne","og_description":"Spray antistatique qui rend les tissues de meubles et tapis antistatique.","og_url":"https:\/\/webshop.seatsandsofas.com\/fr-be\/webshop\/articles-dentretien\/tissu\/anti-static-spray\/","og_site_name":"Seats and Sofas","article_modified_time":"2022-11-29T15:12:08+00:00","og_image":[{"width":300,"height":300,"url":"https:\/\/webshop.seatsandsofas.com\/app\/uploads\/2021\/04\/Textile_Anti-static_500ml.png","type":"image\/png"}],"twitter_card":"summary_large_image","twitter_misc":{"Dur\u00e9e de lecture est.":"1 minute"},"schema":{"@context":"https:\/\/schema.org","@graph":[{"@type":"WebPage","@id":"https:\/\/webshop.seatsandsofas.com\/fr-be\/webshop\/articles-dentretien\/tissu\/anti-static-spray\/","url":"https:\/\/webshop.seatsandsofas.com\/fr-be\/webshop\/articles-dentretien\/tissu\/anti-static-spray\/","name":"Anti-Static Spray | Seats and Sofas Boutique en ligne","isPartOf":{"@id":"https:\/\/webshop.seatsandsofas.com\/fr-be\/#website"},"primaryImageOfPage":{"@id":"https:\/\/webshop.seatsandsofas.com\/fr-be\/webshop\/articles-dentretien\/tissu\/anti-static-spray\/#primaryimage"},"image":{"@id":"https:\/\/webshop.seatsandsofas.com\/fr-be\/webshop\/articles-dentretien\/tissu\/anti-static-spray\/#primaryimage"},"thumbnailUrl":"https:\/\/cdn.webshop.seatsandsofas.com\/app\/uploads\/2021\/04\/Textile_Anti-static_500ml.png?strip=all&quality=90","datePublished":"2021-04-30T10:05:20+00:00","dateModified":"2022-11-29T15:12:08+00:00","description":"Spray antistatique qui rend les tissues de meubles et tapis antistatique.","breadcrumb":{"@id":"https:\/\/webshop.seatsandsofas.com\/fr-be\/webshop\/articles-dentretien\/tissu\/anti-static-spray\/#breadcrumb"},"inLanguage":"fr-BE","potentialAction":[{"@type":"ReadAction","target":["https:\/\/webshop.seatsandsofas.com\/fr-be\/webshop\/articles-dentretien\/tissu\/anti-static-spray\/"]}]},{"@type":"ImageObject","inLanguage":"fr-BE","@id":"https:\/\/webshop.seatsandsofas.com\/fr-be\/webshop\/articles-dentretien\/tissu\/anti-static-spray\/#primaryimage","url":"https:\/\/cdn.webshop.seatsandsofas.com\/app\/uploads\/2021\/04\/Textile_Anti-static_500ml.png?strip=all&quality=90","contentUrl":"https:\/\/cdn.webshop.seatsandsofas.com\/app\/uploads\/2021\/04\/Textile_Anti-static_500ml.png?strip=all&quality=90","width":300,"height":300},{"@type":"BreadcrumbList","@id":"https:\/\/webshop.seatsandsofas.com\/fr-be\/webshop\/articles-dentretien\/tissu\/anti-static-spray\/#breadcrumb","itemListElement":[{"@type":"ListItem","position":1,"name":"Home","item":"https:\/\/webshop.seatsandsofas.com\/fr-be\/"},{"@type":"ListItem","position":2,"name":"Boutique en ligne","item":"https:\/\/webshop.seatsandsofas.com\/fr-be\/boutique-en-ligne\/"},{"@type":"ListItem","position":3,"name":"Anti-Static Spray"}]},{"@type":"WebSite","@id":"https:\/\/webshop.seatsandsofas.com\/fr-be\/#website","url":"https:\/\/webshop.seatsandsofas.com\/fr-be\/","name":"Seats and Sofas","description":"Safe Shopping | Direct uit voorraad","potentialAction":[{"@type":"SearchAction","target":{"@type":"EntryPoint","urlTemplate":"https:\/\/webshop.seatsandsofas.com\/fr-be\/?s={search_term_string}"},"query-input":{"@type":"PropertyValueSpecification","valueRequired":true,"valueName":"search_term_string"}}],"inLanguage":"fr-BE"}]}},"publishpress_future_workflow_manual_trigger":{"enabledWorkflows":[]},"_links":{"self":[{"href":"https:\/\/webshop.seatsandsofas.com\/fr-be\/wp-json\/wp\/v2\/product\/291657","targetHints":{"allow":["GET"]}}],"collection":[{"href":"https:\/\/webshop.seatsandsofas.com\/fr-be\/wp-json\/wp\/v2\/product"}],"about":[{"href":"https:\/\/webshop.seatsandsofas.com\/fr-be\/wp-json\/wp\/v2\/types\/product"}],"wp:featuredmedia":[{"embeddable":true,"href":"https:\/\/webshop.seatsandsofas.com\/fr-be\/wp-json\/wp\/v2\/media\/291233"}],"wp:attachment":[{"href":"https:\/\/webshop.seatsandsofas.com\/fr-be\/wp-json\/wp\/v2\/media?parent=291657"}],"wp:term":[{"taxonomy":"product_brand","embeddable":true,"href":"https:\/\/webshop.seatsandsofas.com\/fr-be\/wp-json\/wp\/v2\/product_brand?post=291657"},{"taxonomy":"product_cat","embeddable":true,"href":"https:\/\/webshop.seatsandsofas.com\/fr-be\/wp-json\/wp\/v2\/product_cat?post=291657"},{"taxonomy":"product_tag","embeddable":true,"href":"https:\/\/webshop.seatsandsofas.com\/fr-be\/wp-json\/wp\/v2\/product_tag?post=291657"}],"curies":[{"name":"wp","href":"https:\/\/api.w.org\/{rel}","templated":true}]}}