{"id":291668,"date":"2021-04-14T11:58:40","date_gmt":"2021-04-14T09:58:40","guid":{"rendered":"https:\/\/webshop.seatsandsofas.com\/webshop\/uncategorized\/special-leather-protector-spray\/"},"modified":"2022-11-30T09:51:02","modified_gmt":"2022-11-30T08:51:02","slug":"special-leather-protector-spray","status":"publish","type":"product","link":"https:\/\/webshop.seatsandsofas.com\/fr-be\/webshop\/articles-dentretien\/cuir\/special-leather-protector-spray\/","title":{"rendered":"Special Leather Protector Spray"},"content":{"rendered":"<p>Le Leather Protector Spray veille \u00e0 ce que le mat\u00e9riau \u00e0 traiter soit enti\u00e8rement pourvu d&#8217;une couche de protection. Ainsi, les taches (ni l&#8217;eau donc) n&#8217;auront aucune chance de p\u00e9n\u00e9trer dans le cuir. Le rev\u00eatement devient anti-taches, ol\u00e9ophobe et m\u00eame hydrofuge. Apr\u00e8s le traitement, les taches \u00e0 base d&#8217;huile, d&#8217;eau et de gras sont beaucoup plus faciles \u00e0 \u00e9liminer, parce qu&#8217;elles ne peuvent pas directement p\u00e9n\u00e9trer le cuir.<\/p>\n","protected":false},"excerpt":{"rendered":"<p>Un protecteur de cuir de qualit\u00e9 sp\u00e9cialement con\u00e7u pour les cuirs ponc\u00e9s tels que le nubuck, le daim, le vintage et le cuir pilote. Prot\u00e8ge parfaitement contre les incidents \u00e0 base d\u2019eau, d\u2019huile ou de graisse. Les liquides peuvent s\u2019\u00e9liminer en tapotant avec un mouchoir.<\/p>\n","protected":false},"featured_media":291193,"template":"","meta":{"_acf_changed":false},"product_brand":[],"product_cat":[5248,5249],"product_tag":[],"class_list":{"0":"post-291668","1":"product","2":"type-product","3":"status-publish","4":"has-post-thumbnail","6":"product_cat-articles-dentretien","7":"product_cat-cuir","9":"first","10":"instock","11":"taxable","12":"shipping-taxable","13":"purchasable","14":"product-type-simple"},"acf":[],"yoast_head":"<!-- This site is optimized with the Yoast SEO plugin v27.1 - https:\/\/yoast.com\/product\/yoast-seo-wordpress\/ -->\n<title>Special Leather Protector Spray | Seats and Sofas Webshop<\/title>\n<meta name=\"description\" content=\"Special Leather Protector Spray est un protecteur de cuir de qualit\u00e9 sp\u00e9cialement con\u00e7u pour les cuirs ponc\u00e9s tels que le nubuck, le daim et le cuir pilote.\" \/>\n<meta name=\"robots\" content=\"noindex, follow\" \/>\n<meta property=\"og:locale\" content=\"fr_FR\" \/>\n<meta property=\"og:type\" content=\"article\" \/>\n<meta property=\"og:title\" content=\"Special Leather Protector Spray | Seats and Sofas Webshop\" \/>\n<meta property=\"og:description\" content=\"Special Leather Protector Spray est un protecteur de cuir de qualit\u00e9 sp\u00e9cialement con\u00e7u pour les cuirs ponc\u00e9s tels que le nubuck, le daim et le cuir pilote.\" \/>\n<meta property=\"og:url\" content=\"https:\/\/webshop.seatsandsofas.com\/fr-be\/webshop\/articles-dentretien\/cuir\/special-leather-protector-spray\/\" \/>\n<meta property=\"og:site_name\" content=\"Seats and Sofas\" \/>\n<meta property=\"article:modified_time\" content=\"2022-11-30T08:51:02+00:00\" \/>\n<meta property=\"og:image\" content=\"https:\/\/webshop.seatsandsofas.com\/app\/uploads\/2021\/04\/Special_Leather_Protector_Spray.png\" \/>\n\t<meta property=\"og:image:width\" content=\"300\" \/>\n\t<meta property=\"og:image:height\" content=\"300\" \/>\n\t<meta property=\"og:image:type\" content=\"image\/png\" \/>\n<meta name=\"twitter:card\" content=\"summary_large_image\" \/>\n<meta name=\"twitter:label1\" content=\"Dur\u00e9e de lecture est.\" \/>\n\t<meta name=\"twitter:data1\" content=\"1 minute\" \/>\n<script type=\"application\/ld+json\" class=\"yoast-schema-graph\">{\"@context\":\"https:\/\/schema.org\",\"@graph\":[{\"@type\":\"WebPage\",\"@id\":\"https:\/\/webshop.seatsandsofas.com\/fr-be\/webshop\/articles-dentretien\/cuir\/special-leather-protector-spray\/\",\"url\":\"https:\/\/webshop.seatsandsofas.com\/fr-be\/webshop\/articles-dentretien\/cuir\/special-leather-protector-spray\/\",\"name\":\"Special Leather Protector Spray | Seats and Sofas Webshop\",\"isPartOf\":{\"@id\":\"https:\/\/webshop.seatsandsofas.com\/fr-be\/#website\"},\"primaryImageOfPage\":{\"@id\":\"https:\/\/webshop.seatsandsofas.com\/fr-be\/webshop\/articles-dentretien\/cuir\/special-leather-protector-spray\/#primaryimage\"},\"image\":{\"@id\":\"https:\/\/webshop.seatsandsofas.com\/fr-be\/webshop\/articles-dentretien\/cuir\/special-leather-protector-spray\/#primaryimage\"},\"thumbnailUrl\":\"https:\/\/cdn.webshop.seatsandsofas.com\/app\/uploads\/2021\/04\/Special_Leather_Protector_Spray.png?strip=all&quality=90\",\"datePublished\":\"2021-04-14T09:58:40+00:00\",\"dateModified\":\"2022-11-30T08:51:02+00:00\",\"description\":\"Special Leather Protector Spray est un protecteur de cuir de qualit\u00e9 sp\u00e9cialement con\u00e7u pour les cuirs ponc\u00e9s tels que le nubuck, le daim et le cuir pilote.\",\"breadcrumb\":{\"@id\":\"https:\/\/webshop.seatsandsofas.com\/fr-be\/webshop\/articles-dentretien\/cuir\/special-leather-protector-spray\/#breadcrumb\"},\"inLanguage\":\"fr-BE\",\"potentialAction\":[{\"@type\":\"ReadAction\",\"target\":[\"https:\/\/webshop.seatsandsofas.com\/fr-be\/webshop\/articles-dentretien\/cuir\/special-leather-protector-spray\/\"]}]},{\"@type\":\"ImageObject\",\"inLanguage\":\"fr-BE\",\"@id\":\"https:\/\/webshop.seatsandsofas.com\/fr-be\/webshop\/articles-dentretien\/cuir\/special-leather-protector-spray\/#primaryimage\",\"url\":\"https:\/\/cdn.webshop.seatsandsofas.com\/app\/uploads\/2021\/04\/Special_Leather_Protector_Spray.png?strip=all&quality=90\",\"contentUrl\":\"https:\/\/cdn.webshop.seatsandsofas.com\/app\/uploads\/2021\/04\/Special_Leather_Protector_Spray.png?strip=all&quality=90\",\"width\":300,\"height\":300},{\"@type\":\"BreadcrumbList\",\"@id\":\"https:\/\/webshop.seatsandsofas.com\/fr-be\/webshop\/articles-dentretien\/cuir\/special-leather-protector-spray\/#breadcrumb\",\"itemListElement\":[{\"@type\":\"ListItem\",\"position\":1,\"name\":\"Home\",\"item\":\"https:\/\/webshop.seatsandsofas.com\/fr-be\/\"},{\"@type\":\"ListItem\",\"position\":2,\"name\":\"Boutique en ligne\",\"item\":\"https:\/\/webshop.seatsandsofas.com\/fr-be\/boutique-en-ligne\/\"},{\"@type\":\"ListItem\",\"position\":3,\"name\":\"Special Leather Protector Spray\"}]},{\"@type\":\"WebSite\",\"@id\":\"https:\/\/webshop.seatsandsofas.com\/fr-be\/#website\",\"url\":\"https:\/\/webshop.seatsandsofas.com\/fr-be\/\",\"name\":\"Seats and Sofas\",\"description\":\"Safe Shopping | Direct uit voorraad\",\"potentialAction\":[{\"@type\":\"SearchAction\",\"target\":{\"@type\":\"EntryPoint\",\"urlTemplate\":\"https:\/\/webshop.seatsandsofas.com\/fr-be\/?s={search_term_string}\"},\"query-input\":{\"@type\":\"PropertyValueSpecification\",\"valueRequired\":true,\"valueName\":\"search_term_string\"}}],\"inLanguage\":\"fr-BE\"}]}<\/script>\n<!-- \/ Yoast SEO plugin. -->","yoast_head_json":{"title":"Special Leather Protector Spray | Seats and Sofas Webshop","description":"Special Leather Protector Spray est un protecteur de cuir de qualit\u00e9 sp\u00e9cialement con\u00e7u pour les cuirs ponc\u00e9s tels que le nubuck, le daim et le cuir pilote.","robots":{"index":"noindex","follow":"follow"},"og_locale":"fr_FR","og_type":"article","og_title":"Special Leather Protector Spray | Seats and Sofas Webshop","og_description":"Special Leather Protector Spray est un protecteur de cuir de qualit\u00e9 sp\u00e9cialement con\u00e7u pour les cuirs ponc\u00e9s tels que le nubuck, le daim et le cuir pilote.","og_url":"https:\/\/webshop.seatsandsofas.com\/fr-be\/webshop\/articles-dentretien\/cuir\/special-leather-protector-spray\/","og_site_name":"Seats and Sofas","article_modified_time":"2022-11-30T08:51:02+00:00","og_image":[{"width":300,"height":300,"url":"https:\/\/webshop.seatsandsofas.com\/app\/uploads\/2021\/04\/Special_Leather_Protector_Spray.png","type":"image\/png"}],"twitter_card":"summary_large_image","twitter_misc":{"Dur\u00e9e de lecture est.":"1 minute"},"schema":{"@context":"https:\/\/schema.org","@graph":[{"@type":"WebPage","@id":"https:\/\/webshop.seatsandsofas.com\/fr-be\/webshop\/articles-dentretien\/cuir\/special-leather-protector-spray\/","url":"https:\/\/webshop.seatsandsofas.com\/fr-be\/webshop\/articles-dentretien\/cuir\/special-leather-protector-spray\/","name":"Special Leather Protector Spray | Seats and Sofas Webshop","isPartOf":{"@id":"https:\/\/webshop.seatsandsofas.com\/fr-be\/#website"},"primaryImageOfPage":{"@id":"https:\/\/webshop.seatsandsofas.com\/fr-be\/webshop\/articles-dentretien\/cuir\/special-leather-protector-spray\/#primaryimage"},"image":{"@id":"https:\/\/webshop.seatsandsofas.com\/fr-be\/webshop\/articles-dentretien\/cuir\/special-leather-protector-spray\/#primaryimage"},"thumbnailUrl":"https:\/\/cdn.webshop.seatsandsofas.com\/app\/uploads\/2021\/04\/Special_Leather_Protector_Spray.png?strip=all&quality=90","datePublished":"2021-04-14T09:58:40+00:00","dateModified":"2022-11-30T08:51:02+00:00","description":"Special Leather Protector Spray est un protecteur de cuir de qualit\u00e9 sp\u00e9cialement con\u00e7u pour les cuirs ponc\u00e9s tels que le nubuck, le daim et le cuir pilote.","breadcrumb":{"@id":"https:\/\/webshop.seatsandsofas.com\/fr-be\/webshop\/articles-dentretien\/cuir\/special-leather-protector-spray\/#breadcrumb"},"inLanguage":"fr-BE","potentialAction":[{"@type":"ReadAction","target":["https:\/\/webshop.seatsandsofas.com\/fr-be\/webshop\/articles-dentretien\/cuir\/special-leather-protector-spray\/"]}]},{"@type":"ImageObject","inLanguage":"fr-BE","@id":"https:\/\/webshop.seatsandsofas.com\/fr-be\/webshop\/articles-dentretien\/cuir\/special-leather-protector-spray\/#primaryimage","url":"https:\/\/cdn.webshop.seatsandsofas.com\/app\/uploads\/2021\/04\/Special_Leather_Protector_Spray.png?strip=all&quality=90","contentUrl":"https:\/\/cdn.webshop.seatsandsofas.com\/app\/uploads\/2021\/04\/Special_Leather_Protector_Spray.png?strip=all&quality=90","width":300,"height":300},{"@type":"BreadcrumbList","@id":"https:\/\/webshop.seatsandsofas.com\/fr-be\/webshop\/articles-dentretien\/cuir\/special-leather-protector-spray\/#breadcrumb","itemListElement":[{"@type":"ListItem","position":1,"name":"Home","item":"https:\/\/webshop.seatsandsofas.com\/fr-be\/"},{"@type":"ListItem","position":2,"name":"Boutique en ligne","item":"https:\/\/webshop.seatsandsofas.com\/fr-be\/boutique-en-ligne\/"},{"@type":"ListItem","position":3,"name":"Special Leather Protector Spray"}]},{"@type":"WebSite","@id":"https:\/\/webshop.seatsandsofas.com\/fr-be\/#website","url":"https:\/\/webshop.seatsandsofas.com\/fr-be\/","name":"Seats and Sofas","description":"Safe Shopping | Direct uit voorraad","potentialAction":[{"@type":"SearchAction","target":{"@type":"EntryPoint","urlTemplate":"https:\/\/webshop.seatsandsofas.com\/fr-be\/?s={search_term_string}"},"query-input":{"@type":"PropertyValueSpecification","valueRequired":true,"valueName":"search_term_string"}}],"inLanguage":"fr-BE"}]}},"publishpress_future_workflow_manual_trigger":{"enabledWorkflows":[]},"_links":{"self":[{"href":"https:\/\/webshop.seatsandsofas.com\/fr-be\/wp-json\/wp\/v2\/product\/291668","targetHints":{"allow":["GET"]}}],"collection":[{"href":"https:\/\/webshop.seatsandsofas.com\/fr-be\/wp-json\/wp\/v2\/product"}],"about":[{"href":"https:\/\/webshop.seatsandsofas.com\/fr-be\/wp-json\/wp\/v2\/types\/product"}],"wp:featuredmedia":[{"embeddable":true,"href":"https:\/\/webshop.seatsandsofas.com\/fr-be\/wp-json\/wp\/v2\/media\/291193"}],"wp:attachment":[{"href":"https:\/\/webshop.seatsandsofas.com\/fr-be\/wp-json\/wp\/v2\/media?parent=291668"}],"wp:term":[{"taxonomy":"product_brand","embeddable":true,"href":"https:\/\/webshop.seatsandsofas.com\/fr-be\/wp-json\/wp\/v2\/product_brand?post=291668"},{"taxonomy":"product_cat","embeddable":true,"href":"https:\/\/webshop.seatsandsofas.com\/fr-be\/wp-json\/wp\/v2\/product_cat?post=291668"},{"taxonomy":"product_tag","embeddable":true,"href":"https:\/\/webshop.seatsandsofas.com\/fr-be\/wp-json\/wp\/v2\/product_tag?post=291668"}],"curies":[{"name":"wp","href":"https:\/\/api.w.org\/{rel}","templated":true}]}}